{"id":120,"date":"2020-04-23T15:34:41","date_gmt":"2020-04-23T13:34:41","guid":{"rendered":"http:\/\/greenarepas.com\/?post_type=product&#038;p=120"},"modified":"2024-01-17T15:20:14","modified_gmt":"2024-01-17T14:20:14","slug":"arepas","status":"publish","type":"product","link":"https:\/\/www.greenarepas.com\/?product=arepas","title":{"rendered":"Arepas"},"content":{"rendered":"<p>L\u2019apera est un plat tr\u00e8s ancien et provient de l\u2019\u00e9poque pr\u00e9-colombienne, pr\u00e9par\u00e9 par les aborig\u00e8nes. L\u2019origine du mot vient d\u2019\u00ab\u00a0Erepa\u00a0\u00bb qui signifie \u00ab\u00a0ma\u00efs \u00bb dans le dialecte de <strong>cumanagotos<\/strong> (tribu v\u00e9n\u00e9zu\u00e9lienne).<\/p>\n<p>L&rsquo;arepa est une ic\u00f4ne gastronomique du Venezuela. C&rsquo;est un pain fait maison de forme circulaire, cuite \u00e0 la po\u00eale, croustillante \u00e0 l&rsquo;ext\u00e9rieur et moelleuse \u00e0 l\u2019int\u00e9rieur. Elle se farci ou s&rsquo;accompagne avec diff\u00e9rents ingr\u00e9dients.<\/p>\n<ul>\n<li>Poulet &amp; Avocat<\/li>\n<li>Boeuf &amp; Cheddar<\/li>\n<li>Chorizo\/Tomates\/Avocats<\/li>\n<\/ul>\n","protected":false},"excerpt":{"rendered":"<p>L\u2019apera est un plat tr\u00e8s ancien et provient de l\u2019\u00e9poque pr\u00e9-colombienne, pr\u00e9par\u00e9 par les aborig\u00e8nes. L\u2019origine du mot vient d\u2019\u00ab\u00a0Erepa\u00a0\u00bb qui signifie \u00ab\u00a0ma\u00efs \u00bb dans le dialecte de cumanagotos (tribu v\u00e9n\u00e9zu\u00e9lienne). L&rsquo;arepa est une ic\u00f4ne gastronomique du Venezuela. C&rsquo;est un pain fait maison de forme circulaire, cuite \u00e0 la po\u00eale, croustillante \u00e0 l&rsquo;ext\u00e9rieur et moelleuse \u00e0 l\u2019int\u00e9rieur. Elle se farci ou s&rsquo;accompagne avec diff\u00e9rents ingr\u00e9dients. Poulet &amp; Avocat Boeuf &amp; Cheddar Chorizo\/Tomates\/Avocats<\/p>\n","protected":false},"featured_media":468,"comment_status":"open","ping_status":"closed","template":"","meta":[],"product_brand":[],"product_cat":[18],"product_tag":[],"class_list":{"0":"post-120","1":"product","2":"type-product","3":"status-publish","4":"has-post-thumbnail","6":"product_cat-nos-plats","8":"first","9":"instock","10":"purchasable","11":"product-type-variable"},"jetpack_sharing_enabled":true,"jetpack_likes_enabled":true,"_links":{"self":[{"href":"https:\/\/www.greenarepas.com\/index.php?rest_route=\/wp\/v2\/product\/120","targetHints":{"allow":["GET"]}}],"collection":[{"href":"https:\/\/www.greenarepas.com\/index.php?rest_route=\/wp\/v2\/product"}],"about":[{"href":"https:\/\/www.greenarepas.com\/index.php?rest_route=\/wp\/v2\/types\/product"}],"replies":[{"embeddable":true,"href":"https:\/\/www.greenarepas.com\/index.php?rest_route=%2Fwp%2Fv2%2Fcomments&post=120"}],"wp:featuredmedia":[{"embeddable":true,"href":"https:\/\/www.greenarepas.com\/index.php?rest_route=\/wp\/v2\/media\/468"}],"wp:attachment":[{"href":"https:\/\/www.greenarepas.com\/index.php?rest_route=%2Fwp%2Fv2%2Fmedia&parent=120"}],"wp:term":[{"taxonomy":"product_brand","embeddable":true,"href":"https:\/\/www.greenarepas.com\/index.php?rest_route=%2Fwp%2Fv2%2Fproduct_brand&post=120"},{"taxonomy":"product_cat","embeddable":true,"href":"https:\/\/www.greenarepas.com\/index.php?rest_route=%2Fwp%2Fv2%2Fproduct_cat&post=120"},{"taxonomy":"product_tag","embeddable":true,"href":"https:\/\/www.greenarepas.com\/index.php?rest_route=%2Fwp%2Fv2%2Fproduct_tag&post=120"}],"curies":[{"name":"wp","href":"https:\/\/api.w.org\/{rel}","templated":true}]}}