{"id":125,"date":"2020-04-23T15:47:35","date_gmt":"2020-04-23T13:47:35","guid":{"rendered":"http:\/\/greenarepas.com\/?post_type=product&#038;p=125"},"modified":"2024-01-17T15:20:56","modified_gmt":"2024-01-17T14:20:56","slug":"patacon","status":"publish","type":"product","link":"https:\/\/www.greenarepas.com\/?product=patacon","title":{"rendered":"Patac\u00f3n"},"content":{"rendered":"<p>Le patac\u00f3n, autrement dit le hamburger v\u00e9n\u00e9zu\u00e9lien avec de la banane plantain \u00e0 la place du pain.<\/p>\n<p>Pour le r\u00e9chauffer, passez-le doucement sur la po\u00eale.<\/p>\n","protected":false},"excerpt":{"rendered":"<p>le hamburger v\u00e9n\u00e9zu\u00e9lien avec de la banane plantain \u00e0 la place du pain.<\/p>\n","protected":false},"featured_media":129,"comment_status":"open","ping_status":"closed","template":"","meta":[],"product_brand":[],"product_cat":[18],"product_tag":[],"class_list":{"0":"post-125","1":"product","2":"type-product","3":"status-publish","4":"has-post-thumbnail","6":"product_cat-nos-plats","8":"first","9":"instock","10":"purchasable","11":"product-type-variable"},"jetpack_sharing_enabled":true,"jetpack_likes_enabled":true,"_links":{"self":[{"href":"https:\/\/www.greenarepas.com\/index.php?rest_route=\/wp\/v2\/product\/125","targetHints":{"allow":["GET"]}}],"collection":[{"href":"https:\/\/www.greenarepas.com\/index.php?rest_route=\/wp\/v2\/product"}],"about":[{"href":"https:\/\/www.greenarepas.com\/index.php?rest_route=\/wp\/v2\/types\/product"}],"replies":[{"embeddable":true,"href":"https:\/\/www.greenarepas.com\/index.php?rest_route=%2Fwp%2Fv2%2Fcomments&post=125"}],"wp:featuredmedia":[{"embeddable":true,"href":"https:\/\/www.greenarepas.com\/index.php?rest_route=\/wp\/v2\/media\/129"}],"wp:attachment":[{"href":"https:\/\/www.greenarepas.com\/index.php?rest_route=%2Fwp%2Fv2%2Fmedia&parent=125"}],"wp:term":[{"taxonomy":"product_brand","embeddable":true,"href":"https:\/\/www.greenarepas.com\/index.php?rest_route=%2Fwp%2Fv2%2Fproduct_brand&post=125"},{"taxonomy":"product_cat","embeddable":true,"href":"https:\/\/www.greenarepas.com\/index.php?rest_route=%2Fwp%2Fv2%2Fproduct_cat&post=125"},{"taxonomy":"product_tag","embeddable":true,"href":"https:\/\/www.greenarepas.com\/index.php?rest_route=%2Fwp%2Fv2%2Fproduct_tag&post=125"}],"curies":[{"name":"wp","href":"https:\/\/api.w.org\/{rel}","templated":true}]}}