{"id":346,"date":"2020-05-13T14:39:14","date_gmt":"2020-05-13T12:39:14","guid":{"rendered":"https:\/\/www.greenarepas.com\/?post_type=product&#038;p=346"},"modified":"2022-12-25T20:02:56","modified_gmt":"2022-12-25T19:02:56","slug":"papelon","status":"publish","type":"product","link":"https:\/\/www.greenarepas.com\/?product=papelon","title":{"rendered":"Agua panela"},"content":{"rendered":"<p>Agua panela ou pabelon est une boisson rafraichissante avec la 1\u00e8re pression de la canne \u00e0 sucre, d&rsquo;o\u00f9 \u00e7a couleur ambr\u00e9. Typique du Venezuela.<\/p>\n","protected":false},"excerpt":{"rendered":"<p>Agua panela ou pabelon est une boisson rafraichissante avec la 1\u00e8re pression de la canne \u00e0 sucre, d&rsquo;o\u00f9 \u00e7a couleur ambr\u00e9. Typique du Venezuela.<\/p>\n","protected":false},"featured_media":338,"comment_status":"open","ping_status":"closed","template":"","meta":[],"product_brand":[],"product_cat":[23],"product_tag":[],"class_list":{"0":"post-346","1":"product","2":"type-product","3":"status-publish","4":"has-post-thumbnail","6":"product_cat-boisson","8":"first","9":"instock","10":"purchasable","11":"product-type-variable"},"jetpack_sharing_enabled":true,"jetpack_likes_enabled":true,"_links":{"self":[{"href":"https:\/\/www.greenarepas.com\/index.php?rest_route=\/wp\/v2\/product\/346","targetHints":{"allow":["GET"]}}],"collection":[{"href":"https:\/\/www.greenarepas.com\/index.php?rest_route=\/wp\/v2\/product"}],"about":[{"href":"https:\/\/www.greenarepas.com\/index.php?rest_route=\/wp\/v2\/types\/product"}],"replies":[{"embeddable":true,"href":"https:\/\/www.greenarepas.com\/index.php?rest_route=%2Fwp%2Fv2%2Fcomments&post=346"}],"wp:featuredmedia":[{"embeddable":true,"href":"https:\/\/www.greenarepas.com\/index.php?rest_route=\/wp\/v2\/media\/338"}],"wp:attachment":[{"href":"https:\/\/www.greenarepas.com\/index.php?rest_route=%2Fwp%2Fv2%2Fmedia&parent=346"}],"wp:term":[{"taxonomy":"product_brand","embeddable":true,"href":"https:\/\/www.greenarepas.com\/index.php?rest_route=%2Fwp%2Fv2%2Fproduct_brand&post=346"},{"taxonomy":"product_cat","embeddable":true,"href":"https:\/\/www.greenarepas.com\/index.php?rest_route=%2Fwp%2Fv2%2Fproduct_cat&post=346"},{"taxonomy":"product_tag","embeddable":true,"href":"https:\/\/www.greenarepas.com\/index.php?rest_route=%2Fwp%2Fv2%2Fproduct_tag&post=346"}],"curies":[{"name":"wp","href":"https:\/\/api.w.org\/{rel}","templated":true}]}}